{"id":98,"date":"2011-07-25T15:13:24","date_gmt":"2011-07-25T14:13:24","guid":{"rendered":"https:\/\/www.marense.com\/wp\/?page_id=98"},"modified":"2020-04-27T09:15:20","modified_gmt":"2020-04-27T08:15:20","slug":"strategy-map","status":"publish","type":"page","link":"https:\/\/www.marense.com\/en\/consulting\/consulting-in-strategy\/strategy-map-en\/","title":{"rendered":"Strategy map"},"content":{"rendered":"<p><a href=\"https:\/\/www.marense.com\/wp-content\/uploads\/2015\/12\/Strategy-map.jpg\"><br \/>\n<\/a><a href=\"https:\/\/www.marense.com\/wp-content\/uploads\/2015\/12\/Strategy-map.jpg\"><img loading=\"lazy\" decoding=\"async\" class=\"aligncenter wp-image-1739\" src=\"https:\/\/www.marense.com\/wp-content\/uploads\/2015\/12\/Strategy-map.jpg\" alt=\"Carte de la strat\u00e9gie, Structurer la strat\u00e9gie, Strategy for companies, Strat\u00e9gie d'entreprise\" width=\"370\" height=\"246\" \/><\/a><\/p>\n<p>This is a type of cause and effect diagram showing the relationships between the different strategic objectives under the 4 perspectives presented above. It is the keystone of the project &#8220;<a href=\"https:\/\/www.marense.com\/en\/tools-and-methods-for-strategy\/balanced-scorecards-en\/\">Balanced Scorecards<\/a>&#8220;. It will allow to materialize the passage of the expression of the strategy to create value itself.<\/p>\n<p>For any question, do not hesitate to\u00a0<a href=\"https:\/\/www.marense.com\/en\/contact-us\/\">contact us<\/a>\u00a0!<\/p>","protected":false},"excerpt":{"rendered":"<p>This is a type of cause and effect diagram showing the relationships between the different strategic objectives under the 4 perspectives presented above. It is the keystone of the project &#8220;Balanced Scorecards&#8220;. It will allow to materialize the passage of the expression of the strategy to create value itself. For any question, do not hesitate [&hellip;]<\/p>\n","protected":false},"author":4,"featured_media":0,"parent":176,"menu_order":0,"comment_status":"closed","ping_status":"closed","template":"","meta":{"footnotes":""},"class_list":["post-98","page","type-page","status-publish","hentry"],"_links":{"self":[{"href":"https:\/\/www.marense.com\/en\/wp-json\/wp\/v2\/pages\/98","targetHints":{"allow":["GET"]}}],"collection":[{"href":"https:\/\/www.marense.com\/en\/wp-json\/wp\/v2\/pages"}],"about":[{"href":"https:\/\/www.marense.com\/en\/wp-json\/wp\/v2\/types\/page"}],"author":[{"embeddable":true,"href":"https:\/\/www.marense.com\/en\/wp-json\/wp\/v2\/users\/4"}],"replies":[{"embeddable":true,"href":"https:\/\/www.marense.com\/en\/wp-json\/wp\/v2\/comments?post=98"}],"version-history":[{"count":13,"href":"https:\/\/www.marense.com\/en\/wp-json\/wp\/v2\/pages\/98\/revisions"}],"predecessor-version":[{"id":3825,"href":"https:\/\/www.marense.com\/en\/wp-json\/wp\/v2\/pages\/98\/revisions\/3825"}],"up":[{"embeddable":true,"href":"https:\/\/www.marense.com\/en\/wp-json\/wp\/v2\/pages\/176"}],"wp:attachment":[{"href":"https:\/\/www.marense.com\/en\/wp-json\/wp\/v2\/media?parent=98"}],"curies":[{"name":"wp","href":"https:\/\/api.w.org\/{rel}","templated":true}]}}