{"id":55,"date":"2011-01-01T00:00:01","date_gmt":"2010-12-31T23:00:01","guid":{"rendered":"https:\/\/www.marense.com\/wp\/?page_id=55"},"modified":"2020-05-03T09:55:43","modified_gmt":"2020-05-03T08:55:43","slug":"carte-du-site","status":"publish","type":"page","link":"https:\/\/www.marense.com\/en\/welcome-on-marense-com-website\/site-map\/","title":{"rendered":"Site map"},"content":{"rendered":"<ul class='sitemap'><li class=\"page_item page-item-4369\"><a href=\"https:\/\/www.marense.com\/en\/francais-audits-de-systemes-de-management\/\">(Fran\u00e7ais) Audits de syst\u00e8mes de management<\/a><\/li>\n<li class=\"page_item page-item-145 page_item_has_children\"><a href=\"https:\/\/www.marense.com\/en\/consulting\/\">Consulting<\/a>\n<ul class='children'>\n\t<li class=\"page_item page-item-212 page_item_has_children\"><a href=\"https:\/\/www.marense.com\/en\/consulting\/continuous-improvement\/\">Continuous improvement<\/a>\n\t<ul class='children'>\n\t\t<li class=\"page_item page-item-128 page_item_has_children\"><a href=\"https:\/\/www.marense.com\/en\/consulting\/continuous-improvement\/lean-management\/\">Lean management<\/a>\n\t\t<ul class='children'>\n\t\t\t<li class=\"page_item page-item-158\"><a href=\"https:\/\/www.marense.com\/en\/consulting\/continuous-improvement\/lean-management\/fmea\/\">FMEA<\/a><\/li>\n\t\t\t<li class=\"page_item page-item-148\"><a href=\"https:\/\/www.marense.com\/en\/consulting\/continuous-improvement\/lean-management\/kaizen-event\/\">Kaizen event<\/a><\/li>\n\t\t\t<li class=\"page_item page-item-151\"><a href=\"https:\/\/www.marense.com\/en\/consulting\/continuous-improvement\/lean-management\/5s-en\/\">5S<\/a><\/li>\n\t\t\t<li class=\"page_item page-item-206\"><a href=\"https:\/\/www.marense.com\/en\/consulting\/continuous-improvement\/lean-management\/a3-en\/\">A3<\/a><\/li>\n\t\t\t<li class=\"page_item page-item-141\"><a href=\"https:\/\/www.marense.com\/en\/consulting\/continuous-improvement\/lean-management\/pdca-en\/\">PDCA<\/a><\/li>\n\t\t\t<li class=\"page_item page-item-209\"><a href=\"https:\/\/www.marense.com\/en\/consulting\/continuous-improvement\/lean-management\/smed-en\/\">SMED<\/a><\/li>\n\t\t\t<li class=\"page_item page-item-166\"><a href=\"https:\/\/www.marense.com\/en\/consulting\/continuous-improvement\/lean-management\/vsm-en\/\">VSM<\/a><\/li>\n\t\t<\/ul>\n<\/li>\n\t\t<li class=\"page_item page-item-218 page_item_has_children\"><a href=\"https:\/\/www.marense.com\/en\/consulting\/continuous-improvement\/six-sigma-en\/\">Six Sigma<\/a>\n\t\t<ul class='children'>\n\t\t\t<li class=\"page_item page-item-138\"><a href=\"https:\/\/www.marense.com\/en\/consulting\/continuous-improvement\/six-sigma-en\/dmaic\/\">DMAIC<\/a><\/li>\n\t\t\t<li class=\"page_item page-item-197\"><a href=\"https:\/\/www.marense.com\/en\/consulting\/continuous-improvement\/six-sigma-en\/sipoc-en\/\">SIPOC<\/a><\/li>\n\t\t<\/ul>\n<\/li>\n\t\t<li class=\"page_item page-item-164\"><a href=\"https:\/\/www.marense.com\/en\/consulting\/continuous-improvement\/tpm-en\/\">TPM<\/a><\/li>\n\t<\/ul>\n<\/li>\n\t<li class=\"page_item page-item-176 page_item_has_children\"><a href=\"https:\/\/www.marense.com\/en\/consulting\/consulting-in-strategy\/\">Consulting in strategy<\/a>\n\t<ul class='children'>\n\t\t<li class=\"page_item page-item-173\"><a href=\"https:\/\/www.marense.com\/en\/consulting\/consulting-in-strategy\/dashboard\/\">Dashboard<\/a><\/li>\n\t\t<li class=\"page_item page-item-182\"><a href=\"https:\/\/www.marense.com\/en\/consulting\/consulting-in-strategy\/porters-5-forces\/\">Porter&#8217;s 5 forces<\/a><\/li>\n\t\t<li class=\"page_item page-item-171\"><a href=\"https:\/\/www.marense.com\/en\/consulting\/consulting-in-strategy\/balanced-scorecards-en\/\">Balanced scorecards<\/a><\/li>\n\t\t<li class=\"page_item page-item-178\"><a href=\"https:\/\/www.marense.com\/en\/consulting\/consulting-in-strategy\/pest-en\/\">PEST<\/a><\/li>\n\t\t<li class=\"page_item page-item-98\"><a href=\"https:\/\/www.marense.com\/en\/consulting\/consulting-in-strategy\/strategy-map-en\/\">Strategy map<\/a><\/li>\n\t\t<li class=\"page_item page-item-184\"><a href=\"https:\/\/www.marense.com\/en\/consulting\/consulting-in-strategy\/francais-outils-de-gestion-7s\/\">(Fran\u00e7ais) Outils de gestion 7S<\/a><\/li>\n\t\t<li class=\"page_item page-item-169\"><a href=\"https:\/\/www.marense.com\/en\/consulting\/consulting-in-strategy\/francais-swot\/\">(Fran\u00e7ais) SWOT<\/a><\/li>\n\t<\/ul>\n<\/li>\n\t<li class=\"page_item page-item-94\"><a href=\"https:\/\/www.marense.com\/en\/consulting\/management-systems-consulting\/\">Management systems consulting<\/a><\/li>\n\t<li class=\"page_item page-item-154\"><a href=\"https:\/\/www.marense.com\/en\/consulting\/change-management\/\">Change management<\/a><\/li>\n<\/ul>\n<\/li>\n<li class=\"page_item page-item-331\"><a href=\"https:\/\/www.marense.com\/en\/contact-us\/\">Contact us<\/a><\/li>\n<li class=\"page_item page-item-2529\"><a href=\"https:\/\/www.marense.com\/en\/project-management-training\/\">Project management training<\/a><\/li>\n<li class=\"page_item page-item-226\"><a href=\"https:\/\/www.marense.com\/en\/training-in-business-strategy\/\">Business strategy trainings<\/a><\/li>\n<li class=\"page_item page-item-131 page_item_has_children\"><a href=\"https:\/\/www.marense.com\/en\/training\/\">Training<\/a>\n<ul class='children'>\n\t<li class=\"page_item page-item-2503\"><a href=\"https:\/\/www.marense.com\/en\/training\/change-management-training\/\">Change management training<\/a><\/li>\n\t<li class=\"page_item page-item-525 page_item_has_children\"><a href=\"https:\/\/www.marense.com\/en\/training\/management-systems-trainings\/\">Management systems trainings<\/a>\n\t<ul class='children'>\n\t\t<li class=\"page_item page-item-134\"><a href=\"https:\/\/www.marense.com\/en\/training\/management-systems-trainings\/iso9001-training\/\">ISO 9001 training V2015<\/a><\/li>\n\t\t<li class=\"page_item page-item-135\"><a href=\"https:\/\/www.marense.com\/en\/training\/management-systems-trainings\/iso-14001-training\/\">ISO 14001 training V2015<\/a><\/li>\n\t\t<li class=\"page_item page-item-185\"><a href=\"https:\/\/www.marense.com\/en\/training\/management-systems-trainings\/iso-45001-training\/\">ISO 45001 training<\/a><\/li>\n\t\t<li class=\"page_item page-item-155\"><a href=\"https:\/\/www.marense.com\/en\/training\/management-systems-trainings\/ims-training\/\">IMS training<\/a><\/li>\n\t\t<li class=\"page_item page-item-136\"><a href=\"https:\/\/www.marense.com\/en\/training\/management-systems-trainings\/internal-audit-training\/\">Internal audit training<\/a><\/li>\n\t<\/ul>\n<\/li>\n\t<li class=\"page_item page-item-223 page_item_has_children\"><a href=\"https:\/\/www.marense.com\/en\/training\/lean-and-six-sigma-trainings\/\">Lean and Six Sigma trainings<\/a>\n\t<ul class='children'>\n\t\t<li class=\"page_item page-item-2388\"><a href=\"https:\/\/www.marense.com\/en\/training\/lean-and-six-sigma-trainings\/lean-training\/\">Lean training<\/a><\/li>\n\t\t<li class=\"page_item page-item-2277\"><a href=\"https:\/\/www.marense.com\/en\/training\/lean-and-six-sigma-trainings\/lss-black-belt-training\/\">LSS Black Belt training<\/a><\/li>\n\t\t<li class=\"page_item page-item-2272\"><a href=\"https:\/\/www.marense.com\/en\/training\/lean-and-six-sigma-trainings\/lss-green-belt-training\/\">LSS Green Belt training<\/a><\/li>\n\t\t<li class=\"page_item page-item-2270\"><a href=\"https:\/\/www.marense.com\/en\/training\/lean-and-six-sigma-trainings\/lss-white-belt-training\/\">LSS White Belt training<\/a><\/li>\n\t\t<li class=\"page_item page-item-2281\"><a href=\"https:\/\/www.marense.com\/en\/training\/lean-and-six-sigma-trainings\/lss-yellow-belt-training\/\">LSS Yellow Belt training<\/a><\/li>\n\t<\/ul>\n<\/li>\n\t<li class=\"page_item page-item-4303\"><a href=\"https:\/\/www.marense.com\/en\/training\/minitab-trainings\/\">(Fran\u00e7ais) Formations Minitab<\/a><\/li>\n\t<li class=\"page_item page-item-2441\"><a href=\"https:\/\/www.marense.com\/en\/training\/teaching-tools\/\">Teaching tools<\/a><\/li>\n<\/ul>\n<\/li>\n<li class=\"page_item page-item-187 page_item_has_children\"><a href=\"https:\/\/www.marense.com\/en\/project-management\/\">Project management<\/a>\n<ul class='children'>\n\t<li class=\"page_item page-item-193\"><a href=\"https:\/\/www.marense.com\/en\/project-management\/project-charter\/\">Project Charter<\/a><\/li>\n\t<li class=\"page_item page-item-191\"><a href=\"https:\/\/www.marense.com\/en\/project-management\/gantt-chart\/\">Gantt chart<\/a><\/li>\n\t<li class=\"page_item page-item-195\"><a href=\"https:\/\/www.marense.com\/en\/project-management\/pert-chart\/\">PERT chart<\/a><\/li>\n\t<li class=\"page_item page-item-189\"><a href=\"https:\/\/www.marense.com\/en\/project-management\/raci-en\/\">RACI<\/a><\/li>\n<\/ul>\n<\/li>\n<li class=\"page_item page-item-3712 page_item_has_children\"><a href=\"https:\/\/www.marense.com\/en\/glossary\/\">Glossary<\/a>\n<ul class='children'>\n\t<li class=\"page_item page-item-1974\"><a href=\"https:\/\/www.marense.com\/en\/glossary\/francais-polycompetence\/\">(Fran\u00e7ais) Polycomp\u00e9tence<\/a><\/li>\n<\/ul>\n<\/li>\n<li class=\"page_item page-item-2746 page_item_has_children\"><a href=\"https:\/\/www.marense.com\/en\/bookstore\/\">Bookstore<\/a>\n<ul class='children'>\n\t<li class=\"page_item page-item-4178\"><a href=\"https:\/\/www.marense.com\/en\/bookstore\/francais-ergonomie\/\">(Fran\u00e7ais) Ergonomie<\/a><\/li>\n\t<li class=\"page_item page-item-2802 page_item_has_children\"><a href=\"https:\/\/www.marense.com\/en\/bookstore\/francais-gestion-de-projet\/\">(Fran\u00e7ais) Gestion de projet<\/a>\n\t<ul class='children'>\n\t\t<li class=\"page_item page-item-2787\"><a href=\"https:\/\/www.marense.com\/en\/bookstore\/francais-gestion-de-projet\/le-management-de-projet\/\">(Fran\u00e7ais) Le management de projet<\/a><\/li>\n\t<\/ul>\n<\/li>\n\t<li class=\"page_item page-item-2768 page_item_has_children\"><a href=\"https:\/\/www.marense.com\/en\/bookstore\/lean-et-tpm\/\">(Fran\u00e7ais) Lean et TPM<\/a>\n\t<ul class='children'>\n\t\t<li class=\"page_item page-item-2618\"><a href=\"https:\/\/www.marense.com\/en\/bookstore\/lean-et-tpm\/gemba-kaizen-lart-de-manager-avec-bon-sens\/\">(Fran\u00e7ais) Gemba Kaizen: L&#8217;art de manager avec bon sens<\/a><\/li>\n\t\t<li class=\"page_item page-item-3051\"><a href=\"https:\/\/www.marense.com\/en\/bookstore\/lean-et-tpm\/le-but-un-processus-de-progres-permanent\/\">(Fran\u00e7ais) Le But &#8211; Un processus de progr\u00e8s permanent<\/a><\/li>\n\t\t<li class=\"page_item page-item-3092\"><a href=\"https:\/\/www.marense.com\/en\/bookstore\/lean-et-tpm\/le-guide-de-la-tpm-total-productive-maintenance\/\">(Fran\u00e7ais) Le guide de la TPM &#8211; Total Productive Maintenance<\/a><\/li>\n\t\t<li class=\"page_item page-item-2662\"><a href=\"https:\/\/www.marense.com\/en\/bookstore\/lean-et-tpm\/tpm-in-process-industries\/\">(Fran\u00e7ais) TPM in Process Industries<\/a><\/li>\n\t<\/ul>\n<\/li>\n\t<li class=\"page_item page-item-2777 page_item_has_children\"><a href=\"https:\/\/www.marense.com\/en\/bookstore\/lean-six-sigma\/\">(Fran\u00e7ais) Lean Six Sigma<\/a>\n\t<ul class='children'>\n\t\t<li class=\"page_item page-item-2692\"><a href=\"https:\/\/www.marense.com\/en\/bookstore\/lean-six-sigma\/lean-six-sigma-et-minitab\/\">(Fran\u00e7ais) Lean Six Sigma &#038; Minitab<\/a><\/li>\n\t\t<li class=\"page_item page-item-2824\"><a href=\"https:\/\/www.marense.com\/en\/bookstore\/lean-six-sigma\/lean-six-sigma-pocket-toolbook\/\">(Fran\u00e7ais) Lean Six Sigma pocket toolbook<\/a><\/li>\n\t\t<li class=\"page_item page-item-2857\"><a href=\"https:\/\/www.marense.com\/en\/bookstore\/lean-six-sigma\/lean-six-sigma-services\/\">(Fran\u00e7ais) Lean Six Sigma pour les services<\/a><\/li>\n\t\t<li class=\"page_item page-item-2805\"><a href=\"https:\/\/www.marense.com\/en\/bookstore\/lean-six-sigma\/quest-ce-que-le-lean-six-sigma\/\">(Fran\u00e7ais) Qu&#8217;est-ce que le Lean Six Sigma ?<\/a><\/li>\n\t\t<li class=\"page_item page-item-2836\"><a href=\"https:\/\/www.marense.com\/en\/bookstore\/lean-six-sigma\/six-sigma-comment-lappliquer\/\">(Fran\u00e7ais) Six Sigma &#8211; Comment l&#8217;appliquer<\/a><\/li>\n\t<\/ul>\n<\/li>\n\t<li class=\"page_item page-item-2758 page_item_has_children\"><a href=\"https:\/\/www.marense.com\/en\/bookstore\/francais-strategie-et-conduite-du-changement\/\">(Fran\u00e7ais) Strat\u00e9gie et conduite du changement<\/a>\n\t<ul class='children'>\n\t\t<li class=\"page_item page-item-2876\"><a href=\"https:\/\/www.marense.com\/en\/bookstore\/francais-strategie-et-conduite-du-changement\/understanding-michael-porter\/\">Understanding Michael Porter<\/a><\/li>\n\t\t<li class=\"page_item page-item-2708\"><a href=\"https:\/\/www.marense.com\/en\/bookstore\/francais-strategie-et-conduite-du-changement\/strategie-ocean-bleu\/\">(Fran\u00e7ais) Strat\u00e9gie oc\u00e9an bleu<\/a><\/li>\n\t\t<li class=\"page_item page-item-2728\"><a href=\"https:\/\/www.marense.com\/en\/bookstore\/francais-strategie-et-conduite-du-changement\/the-art-of-profitability\/\">(Fran\u00e7ais) The ART of Profitability<\/a><\/li>\n\t<\/ul>\n<\/li>\n\t<li class=\"page_item page-item-3235 page_item_has_children\"><a href=\"https:\/\/www.marense.com\/en\/bookstore\/systemes-management\/\">(Fran\u00e7ais) Syst\u00e8mes de management<\/a>\n\t<ul class='children'>\n\t\t<li class=\"page_item page-item-3241\"><a href=\"https:\/\/www.marense.com\/en\/bookstore\/systemes-management\/la-qualite-2015-facile\/\">(Fran\u00e7ais) La Qualit\u00e9 2015 c&#8217;est facile !<\/a><\/li>\n\t<\/ul>\n<\/li>\n<\/ul>\n<\/li>\n<li class=\"page_item page-item-1494 page_item_has_children\"><a href=\"https:\/\/www.marense.com\/en\/management-systems-and-certification\/\">Management systems and certification<\/a>\n<ul class='children'>\n\t<li class=\"page_item page-item-202\"><a href=\"https:\/\/www.marense.com\/en\/management-systems-and-certification\/introduction-to-energy-management\/\">Introduction to Energy Management<\/a><\/li>\n\t<li class=\"page_item page-item-113\"><a href=\"https:\/\/www.marense.com\/en\/management-systems-and-certification\/introduction-to-environmental-management\/\">Introduction to Environmental Management<\/a><\/li>\n\t<li class=\"page_item page-item-106\"><a href=\"https:\/\/www.marense.com\/en\/management-systems-and-certification\/introduction-to-quality-management\/\">Introduction to Quality Management<\/a><\/li>\n\t<li class=\"page_item page-item-3150\"><a href=\"https:\/\/www.marense.com\/en\/management-systems-and-certification\/francais-mase\/\">(Fran\u00e7ais) Mase<\/a><\/li>\n\t<li class=\"page_item page-item-121\"><a href=\"https:\/\/www.marense.com\/en\/management-systems-and-certification\/integrated-management-systems\/\">Integrated Management Systems<\/a><\/li>\n\t<li class=\"page_item page-item-118\"><a href=\"https:\/\/www.marense.com\/en\/management-systems-and-certification\/francais-systemes-de-management\/\">(Fran\u00e7ais) Syst\u00e8mes de management<\/a><\/li>\n\t<li class=\"page_item page-item-116\"><a href=\"https:\/\/www.marense.com\/en\/management-systems-and-certification\/francais-introduction-au-management-de-la-securite\/\">(Fran\u00e7ais) Introduction au management de la s\u00e9curit\u00e9<\/a><\/li>\n\t<li class=\"page_item page-item-162\"><a href=\"https:\/\/www.marense.com\/en\/management-systems-and-certification\/francais-smq-et-lss\/\">(Fran\u00e7ais) SMQ et LSS<\/a><\/li>\n\t<li class=\"page_item page-item-125\"><a href=\"https:\/\/www.marense.com\/en\/management-systems-and-certification\/francais-la-responsabilite-societale\/\">(Fran\u00e7ais) La responsabilit\u00e9 soci\u00e9tale<\/a><\/li>\n<\/ul>\n<\/li>\n<li class=\"page_item page-item-5861\"><a href=\"https:\/\/www.marense.com\/en\/animation\/\">Animation<\/a><\/li>\n<li class=\"page_item page-item-4232 page_item_has_children\"><a href=\"https:\/\/www.marense.com\/en\/francais-digital\/\">Digital<\/a>\n<ul class='children'>\n\t<li class=\"page_item page-item-3306\"><a href=\"https:\/\/www.marense.com\/en\/francais-digital\/francais-cookies-interface-formation\/\">(Fran\u00e7ais) Cookies &#8211; Interface de formation<\/a><\/li>\n\t<li class=\"page_item page-item-895\"><a href=\"https:\/\/www.marense.com\/en\/francais-digital\/videos-for-training\/\">Videos for training<\/a><\/li>\n\t<li class=\"page_item page-item-4262 page_item_has_children\"><a href=\"https:\/\/www.marense.com\/en\/francais-digital\/francais-visites-virtuelles\/\">Virtual tours<\/a>\n\t<ul class='children'>\n\t\t<li class=\"page_item page-item-4276\"><a href=\"https:\/\/www.marense.com\/en\/francais-digital\/francais-visites-virtuelles\/francais-chaudiere-a-charbon\/\">Coal boiler<\/a><\/li>\n\t<\/ul>\n<\/li>\n\t<li class=\"page_item page-item-4315 page_item_has_children\"><a href=\"https:\/\/www.marense.com\/en\/francais-digital\/francais-e-learning\/\">E-Learning<\/a>\n\t<ul class='children'>\n\t\t<li class=\"page_item page-item-4320\"><a href=\"https:\/\/www.marense.com\/en\/francais-digital\/francais-e-learning\/francais-validation-des-acquis\/\">Learning validation<\/a><\/li>\n\t<\/ul>\n<\/li>\n<\/ul>\n<\/li>\n<li class=\"page_item page-item-5867\"><a href=\"https:\/\/www.marense.com\/en\/motion-design\/\">Motion design<\/a><\/li>\n<li class=\"page_item page-item-5859\"><a href=\"https:\/\/www.marense.com\/en\/player-embed\/\">Player Embed<\/a><\/li>\n<li class=\"page_item page-item-5857\"><a href=\"https:\/\/www.marense.com\/en\/search-videos\/\">Search Videos<\/a><\/li>\n<li class=\"page_item page-item-5858\"><a href=\"https:\/\/www.marense.com\/en\/user-videos\/\">User Videos<\/a><\/li>\n<li class=\"page_item page-item-5855\"><a href=\"https:\/\/www.marense.com\/en\/video-category\/\">Video Category<\/a><\/li>\n<li class=\"page_item page-item-5856\"><a href=\"https:\/\/www.marense.com\/en\/video-tag\/\">Video Tag<\/a><\/li>\n<li class=\"page_item page-item-216\"><a href=\"https:\/\/www.marense.com\/en\/about-marense\/\">About Marense<\/a><\/li>\n<li class=\"page_item page-item-213 page_item_has_children\"><a href=\"https:\/\/www.marense.com\/en\/diagnosis\/\">Diagnosis<\/a>\n<ul class='children'>\n\t<li class=\"page_item page-item-1795\"><a href=\"https:\/\/www.marense.com\/en\/diagnosis\/francais-diagnostic-energetique\/\">(Fran\u00e7ais) Diagnostic \u00e9nerg\u00e9tique<\/a><\/li>\n\t<li class=\"page_item page-item-1843\"><a href=\"https:\/\/www.marense.com\/en\/diagnosis\/infrared-thermography\/\">Infrared thermography<\/a><\/li>\n\t<li class=\"page_item page-item-102\"><a href=\"https:\/\/www.marense.com\/en\/diagnosis\/tpm-diagnosis\/\">TPM diagnosis<\/a><\/li>\n<\/ul>\n<\/li>\n<li class=\"page_item page-item-210\"><a href=\"https:\/\/www.marense.com\/en\/mentions-legales\/\">(Fran\u00e7ais) Mentions l\u00e9gales<\/a><\/li>\n<li class=\"page_item page-item-89 page_item_has_children\"><a href=\"https:\/\/www.marense.com\/en\/\">Welcome to Marense.com website<\/a>\n<ul class='children'>\n\t<li class=\"page_item page-item-55\"><a href=\"https:\/\/www.marense.com\/en\/welcome-on-marense-com-website\/site-map\/\">Site map<\/a><\/li>\n<\/ul>\n<\/li>\n<li><a href='https:\/\/www.marense.com\/en\/definitions\/'>Glossary<\/a><\/li><\/ul>\n","protected":false},"excerpt":{"rendered":"","protected":false},"author":4,"featured_media":0,"parent":89,"menu_order":0,"comment_status":"closed","ping_status":"closed","template":"","meta":{"footnotes":""},"class_list":["post-55","page","type-page","status-publish","hentry"],"_links":{"self":[{"href":"https:\/\/www.marense.com\/en\/wp-json\/wp\/v2\/pages\/55","targetHints":{"allow":["GET"]}}],"collection":[{"href":"https:\/\/www.marense.com\/en\/wp-json\/wp\/v2\/pages"}],"about":[{"href":"https:\/\/www.marense.com\/en\/wp-json\/wp\/v2\/types\/page"}],"author":[{"embeddable":true,"href":"https:\/\/www.marense.com\/en\/wp-json\/wp\/v2\/users\/4"}],"replies":[{"embeddable":true,"href":"https:\/\/www.marense.com\/en\/wp-json\/wp\/v2\/comments?post=55"}],"version-history":[{"count":9,"href":"https:\/\/www.marense.com\/en\/wp-json\/wp\/v2\/pages\/55\/revisions"}],"predecessor-version":[{"id":4302,"href":"https:\/\/www.marense.com\/en\/wp-json\/wp\/v2\/pages\/55\/revisions\/4302"}],"up":[{"embeddable":true,"href":"https:\/\/www.marense.com\/en\/wp-json\/wp\/v2\/pages\/89"}],"wp:attachment":[{"href":"https:\/\/www.marense.com\/en\/wp-json\/wp\/v2\/media?parent=55"}],"curies":[{"name":"wp","href":"https:\/\/api.w.org\/{rel}","templated":true}]}}