{"id":4262,"date":"2020-04-28T11:00:24","date_gmt":"2020-04-28T10:00:24","guid":{"rendered":"https:\/\/www.marense.com\/?page_id=4262"},"modified":"2020-11-30T17:55:43","modified_gmt":"2020-11-30T16:55:43","slug":"visites-virtuelles","status":"publish","type":"page","link":"https:\/\/www.marense.com\/en\/francais-digital\/francais-visites-virtuelles\/","title":{"rendered":"Virtual tours"},"content":{"rendered":"<p><\/p>\n<h2>Why set up a virtual tour of its facilities?<\/h2>\n<p>The virtual tour of facilities is an accessible tool that allows you to :<\/p>\n<ul>\n<li>Introduce new employees and temporary workers to the facilities in which they will work. With this in mind, the virtual tour can be used upstream, before welcoming the newcomer on his workplace,<\/li>\n<li>Discover the activity or work environment in a fun way and at your own pace,<\/li>\n<li>Make employees discover the facilities located in another area and to which they do not necessarily have access (knowledge of production facilities for administrative staff, salespeople, etc.)<\/li>\n<li>Show your installations to Customers with rewarding images both in meeting rooms and remotely. Virtual tours are then an additional asset for the sales forces,<\/li>\n<li>Have access to areas that are inaccessible during regular operation (inside furnaces, <a href=\"https:\/\/www.marense.com\/chaudiere-a-charbon\/\">boilers<\/a>, clean rooms, etc.),<\/li>\n<li>Show the place of intervention to service providers before or in addition to the on-site visit,<\/li>\n<li>&#8230;<\/li>\n<\/ul>\n<h2>Hotspots in virtual tours:<\/h2>\n<p>The virtual tours integrate, as needed, videos to present installations in operation, the work of employees and slideshows to present products manufactured on the line and any other necessary information.<\/p>\n<p><a href=\"https:\/\/www.marense.com\/wp-content\/uploads\/2020\/04\/Point-dint\u00e9r\u00eat.png\"><img loading=\"lazy\" decoding=\"async\" class=\"wp-image-4283 aligncenter\" src=\"https:\/\/www.marense.com\/wp-content\/uploads\/2020\/04\/Point-dint\u00e9r\u00eat-300x300.png\" alt=\"\" width=\"83\" height=\"83\" srcset=\"https:\/\/www.marense.com\/wp-content\/uploads\/2020\/04\/Point-dint\u00e9r\u00eat-300x300.png 300w, https:\/\/www.marense.com\/wp-content\/uploads\/2020\/04\/Point-dint\u00e9r\u00eat-150x150.png 150w, https:\/\/www.marense.com\/wp-content\/uploads\/2020\/04\/Point-dint\u00e9r\u00eat.png 512w\" sizes=\"auto, (max-width: 83px) 100vw, 83px\" \/><\/a><\/p>\n<h2>Hosting and activity reports:<\/h2>\n<p>In addition to the realization of these virtual tours, we offer:<\/p>\n<p>Secure hosting on a dedicated platform,<br \/>\nThe possibility for the customer to have online reports presenting the activity report of the virtual tours made available for each user.<\/p>\n<h2>Interfaces to access virtual tours:<\/h2>\n<p>Virtual tours work equally well on computers, tablets, phones and also, if necessary, with a virtual reality mask.<\/p>\n<p><a href=\"https:\/\/www.marense.com\/wp-content\/uploads\/2020\/04\/Lunettes-de-r\u00e9alit\u00e9-virtuelle.jpg\"><img loading=\"lazy\" decoding=\"async\" class=\"size-medium wp-image-4272 aligncenter\" src=\"https:\/\/www.marense.com\/wp-content\/uploads\/2020\/04\/Lunettes-de-r\u00e9alit\u00e9-virtuelle-300x200.jpg\" alt=\"\" width=\"300\" height=\"200\" srcset=\"https:\/\/www.marense.com\/wp-content\/uploads\/2020\/04\/Lunettes-de-r\u00e9alit\u00e9-virtuelle-300x200.jpg 300w, https:\/\/www.marense.com\/wp-content\/uploads\/2020\/04\/Lunettes-de-r\u00e9alit\u00e9-virtuelle-1024x682.jpg 1024w, https:\/\/www.marense.com\/wp-content\/uploads\/2020\/04\/Lunettes-de-r\u00e9alit\u00e9-virtuelle-768x512.jpg 768w, https:\/\/www.marense.com\/wp-content\/uploads\/2020\/04\/Lunettes-de-r\u00e9alit\u00e9-virtuelle.jpg 1300w\" sizes=\"auto, (max-width: 300px) 100vw, 300px\" \/><\/a><\/p>\n<h2>Security :<\/h2>\n<p>Access to data is secured. Virtual tours and videos are systematically encrypted to guarantee necessary confidentiality for the customer.<\/p>\n<p><a href=\"https:\/\/www.marense.com\/wp-content\/uploads\/2016\/02\/Secure-data-storage.jpg\"><img loading=\"lazy\" decoding=\"async\" class=\"wp-image-3176 aligncenter\" src=\"https:\/\/www.marense.com\/wp-content\/uploads\/2016\/02\/Secure-data-storage-300x221.jpg\" alt=\"E-Learning, QCM, validation des acquis, test, s\u00e9curit\u00e9 des donn\u00e9es - Marense\" width=\"177\" height=\"130\" srcset=\"https:\/\/www.marense.com\/wp-content\/uploads\/2016\/02\/Secure-data-storage-300x221.jpg 300w, https:\/\/www.marense.com\/wp-content\/uploads\/2016\/02\/Secure-data-storage.jpg 537w\" sizes=\"auto, (max-width: 177px) 100vw, 177px\" \/><\/a><\/p>\n<h2>Updates and evolutions:<\/h2>\n<p>Virtual tours can obviously be completed and updated to evolve with the reality of the business (production of a new product, new production line, addition of a new workshop in the virtual, etc.).<\/p>\n<p>The interface for users and reporting is regularly updated to incorporate new features.<\/p>\n<p><a href=\"https:\/\/www.marense.com\/wp-content\/uploads\/2020\/04\/Mise-\u00e0-jour.png\"><img loading=\"lazy\" decoding=\"async\" class=\"wp-image-4282 aligncenter\" src=\"https:\/\/www.marense.com\/wp-content\/uploads\/2020\/04\/Mise-\u00e0-jour-300x300.png\" alt=\"\" width=\"75\" height=\"75\" srcset=\"https:\/\/www.marense.com\/wp-content\/uploads\/2020\/04\/Mise-\u00e0-jour-300x300.png 300w, https:\/\/www.marense.com\/wp-content\/uploads\/2020\/04\/Mise-\u00e0-jour-150x150.png 150w, https:\/\/www.marense.com\/wp-content\/uploads\/2020\/04\/Mise-\u00e0-jour.png 512w\" sizes=\"auto, (max-width: 75px) 100vw, 75px\" \/><\/a><\/p>\n<p>For any questions, do not hesitate to <a href=\"https:\/\/www.marense.com\/en\/contact-us\/\">contact us<\/a>!<\/p>","protected":false},"excerpt":{"rendered":"<p>Why set up a virtual tour of its facilities? The virtual tour of facilities is an accessible tool that allows you to : Introduce new employees and temporary workers to the facilities in which they will work. With this in mind, the virtual tour can be used upstream, before welcoming the newcomer on his workplace, [&hellip;]<\/p>\n","protected":false},"author":4,"featured_media":0,"parent":4232,"menu_order":0,"comment_status":"closed","ping_status":"closed","template":"","meta":{"footnotes":""},"class_list":["post-4262","page","type-page","status-publish","hentry"],"_links":{"self":[{"href":"https:\/\/www.marense.com\/en\/wp-json\/wp\/v2\/pages\/4262","targetHints":{"allow":["GET"]}}],"collection":[{"href":"https:\/\/www.marense.com\/en\/wp-json\/wp\/v2\/pages"}],"about":[{"href":"https:\/\/www.marense.com\/en\/wp-json\/wp\/v2\/types\/page"}],"author":[{"embeddable":true,"href":"https:\/\/www.marense.com\/en\/wp-json\/wp\/v2\/users\/4"}],"replies":[{"embeddable":true,"href":"https:\/\/www.marense.com\/en\/wp-json\/wp\/v2\/comments?post=4262"}],"version-history":[{"count":21,"href":"https:\/\/www.marense.com\/en\/wp-json\/wp\/v2\/pages\/4262\/revisions"}],"predecessor-version":[{"id":4849,"href":"https:\/\/www.marense.com\/en\/wp-json\/wp\/v2\/pages\/4262\/revisions\/4849"}],"up":[{"embeddable":true,"href":"https:\/\/www.marense.com\/en\/wp-json\/wp\/v2\/pages\/4232"}],"wp:attachment":[{"href":"https:\/\/www.marense.com\/en\/wp-json\/wp\/v2\/media?parent=4262"}],"curies":[{"name":"wp","href":"https:\/\/api.w.org\/{rel}","templated":true}]}}