{"id":2708,"date":"2016-01-18T21:09:25","date_gmt":"2016-01-18T20:09:25","guid":{"rendered":"https:\/\/www.marense.com\/?page_id=2708"},"modified":"2018-08-02T15:47:24","modified_gmt":"2018-08-02T14:47:24","slug":"strategie-ocean-bleu","status":"publish","type":"page","link":"https:\/\/www.marense.com\/en\/bookstore\/francais-strategie-et-conduite-du-changement\/strategie-ocean-bleu\/","title":{"rendered":"(Fran\u00e7ais) Strat\u00e9gie oc\u00e9an bleu"},"content":{"rendered":"<p class=\"qtranxs-available-languages-message qtranxs-available-languages-message-en\">Sorry, this entry is only available in <a href=\"https:\/\/www.marense.com\/fr\/wp-json\/wp\/v2\/pages\/2708\" class=\"qtranxs-available-language-link qtranxs-available-language-link-fr\" title=\"Fran\u00e7ais\">Fran\u00e7ais<\/a>.<\/p>","protected":false},"excerpt":{"rendered":"<p>Sorry, this entry is only available in Fran\u00e7ais.<\/p>\n","protected":false},"author":4,"featured_media":0,"parent":2758,"menu_order":0,"comment_status":"closed","ping_status":"closed","template":"","meta":{"footnotes":""},"class_list":["post-2708","page","type-page","status-publish","hentry"],"_links":{"self":[{"href":"https:\/\/www.marense.com\/en\/wp-json\/wp\/v2\/pages\/2708","targetHints":{"allow":["GET"]}}],"collection":[{"href":"https:\/\/www.marense.com\/en\/wp-json\/wp\/v2\/pages"}],"about":[{"href":"https:\/\/www.marense.com\/en\/wp-json\/wp\/v2\/types\/page"}],"author":[{"embeddable":true,"href":"https:\/\/www.marense.com\/en\/wp-json\/wp\/v2\/users\/4"}],"replies":[{"embeddable":true,"href":"https:\/\/www.marense.com\/en\/wp-json\/wp\/v2\/comments?post=2708"}],"version-history":[{"count":28,"href":"https:\/\/www.marense.com\/en\/wp-json\/wp\/v2\/pages\/2708\/revisions"}],"predecessor-version":[{"id":3313,"href":"https:\/\/www.marense.com\/en\/wp-json\/wp\/v2\/pages\/2708\/revisions\/3313"}],"up":[{"embeddable":true,"href":"https:\/\/www.marense.com\/en\/wp-json\/wp\/v2\/pages\/2758"}],"wp:attachment":[{"href":"https:\/\/www.marense.com\/en\/wp-json\/wp\/v2\/media?parent=2708"}],"curies":[{"name":"wp","href":"https:\/\/api.w.org\/{rel}","templated":true}]}}