{"id":226,"date":"2012-12-19T10:07:34","date_gmt":"2012-12-19T09:07:34","guid":{"rendered":"https:\/\/www.marense.com\/wp\/?page_id=226"},"modified":"2018-08-10T09:14:19","modified_gmt":"2018-08-10T08:14:19","slug":"formations-a-la-strategie","status":"publish","type":"page","link":"https:\/\/www.marense.com\/en\/training-in-business-strategy\/","title":{"rendered":"Business strategy trainings"},"content":{"rendered":"<p>In a constantly changing environment, leaders of companies must develop new strategies and manage their implementations.<\/p>\n<p><a href=\"https:\/\/www.marense.com\/wp-content\/uploads\/2015\/12\/Strategy-execution.jpg\"><img loading=\"lazy\" decoding=\"async\" class=\"aligncenter wp-image-1649 size-full\" src=\"https:\/\/www.marense.com\/wp-content\/uploads\/2015\/12\/Strategy-execution.jpg\" alt=\"Strat\u00e9gie, Strategy, Structurer la strat\u00e9gie, Strategy for companies, Strat\u00e9gie d'entreprise\" width=\"620\" height=\"290\" srcset=\"https:\/\/www.marense.com\/wp-content\/uploads\/2015\/12\/Strategy-execution.jpg 620w, https:\/\/www.marense.com\/wp-content\/uploads\/2015\/12\/Strategy-execution-300x140.jpg 300w\" sizes=\"auto, (max-width: 620px) 100vw, 620px\" \/><\/a><\/p>\n<p><strong>Marense<\/strong> proposes to business leaders, Strategy Directors and Continuous Improvement Managers, trainings tailored to your company to:<\/p>\n<ul>\n<li>Develop tools that will allow to manage strategy execution,<\/li>\n<li>Train your employees so that, their actions contribute to the strategy realization.<\/li>\n<\/ul>\n<p><a href=\"https:\/\/www.marense.com\/wp-content\/uploads\/2015\/12\/Strategy-execution-2.png\"><img loading=\"lazy\" decoding=\"async\" class=\"aligncenter wp-image-1650 size-full\" src=\"https:\/\/www.marense.com\/wp-content\/uploads\/2015\/12\/Strategy-execution-2.png\" alt=\"Strat\u00e9gie, Strategy, Structurer la strat\u00e9gie, Strategy for companies, Strat\u00e9gie d'entreprise\" width=\"576\" height=\"494\" srcset=\"https:\/\/www.marense.com\/wp-content\/uploads\/2015\/12\/Strategy-execution-2.png 576w, https:\/\/www.marense.com\/wp-content\/uploads\/2015\/12\/Strategy-execution-2-300x257.png 300w\" sizes=\"auto, (max-width: 576px) 100vw, 576px\" \/><\/a>For any question, do not hesitate to\u00a0<a href=\"https:\/\/www.marense.com\/en\/contact-us\/\">contact us<\/a>\u00a0!<\/p>","protected":false},"excerpt":{"rendered":"<p>In a constantly changing environment, leaders of companies must develop new strategies and manage their implementations. Marense proposes to business leaders, Strategy Directors and Continuous Improvement Managers, trainings tailored to your company to: Develop tools that will allow to manage strategy execution, Train your employees so that, their actions contribute to the strategy realization. For [&hellip;]<\/p>\n","protected":false},"author":4,"featured_media":0,"parent":0,"menu_order":0,"comment_status":"closed","ping_status":"closed","template":"","meta":{"footnotes":""},"class_list":["post-226","page","type-page","status-publish","hentry"],"_links":{"self":[{"href":"https:\/\/www.marense.com\/en\/wp-json\/wp\/v2\/pages\/226","targetHints":{"allow":["GET"]}}],"collection":[{"href":"https:\/\/www.marense.com\/en\/wp-json\/wp\/v2\/pages"}],"about":[{"href":"https:\/\/www.marense.com\/en\/wp-json\/wp\/v2\/types\/page"}],"author":[{"embeddable":true,"href":"https:\/\/www.marense.com\/en\/wp-json\/wp\/v2\/users\/4"}],"replies":[{"embeddable":true,"href":"https:\/\/www.marense.com\/en\/wp-json\/wp\/v2\/comments?post=226"}],"version-history":[{"count":11,"href":"https:\/\/www.marense.com\/en\/wp-json\/wp\/v2\/pages\/226\/revisions"}],"predecessor-version":[{"id":3656,"href":"https:\/\/www.marense.com\/en\/wp-json\/wp\/v2\/pages\/226\/revisions\/3656"}],"wp:attachment":[{"href":"https:\/\/www.marense.com\/en\/wp-json\/wp\/v2\/media?parent=226"}],"curies":[{"name":"wp","href":"https:\/\/api.w.org\/{rel}","templated":true}]}}