{"id":1795,"date":"2015-12-14T15:03:07","date_gmt":"2015-12-14T14:03:07","guid":{"rendered":"https:\/\/www.marense.com\/?page_id=1795"},"modified":"2018-09-22T14:29:32","modified_gmt":"2018-09-22T13:29:32","slug":"diagnostic-energetique","status":"publish","type":"page","link":"https:\/\/www.marense.com\/en\/diagnosis\/francais-diagnostic-energetique\/","title":{"rendered":"(Fran\u00e7ais) Diagnostic \u00e9nerg\u00e9tique"},"content":{"rendered":"<p class=\"qtranxs-available-languages-message qtranxs-available-languages-message-en\">Sorry, this entry is only available in <a href=\"https:\/\/www.marense.com\/fr\/wp-json\/wp\/v2\/pages\/1795\" class=\"qtranxs-available-language-link qtranxs-available-language-link-fr\" title=\"Fran\u00e7ais\">Fran\u00e7ais<\/a>.<\/p>","protected":false},"excerpt":{"rendered":"<p>Sorry, this entry is only available in Fran\u00e7ais.<\/p>\n","protected":false},"author":4,"featured_media":0,"parent":213,"menu_order":0,"comment_status":"closed","ping_status":"closed","template":"","meta":{"footnotes":""},"class_list":["post-1795","page","type-page","status-publish","hentry"],"_links":{"self":[{"href":"https:\/\/www.marense.com\/en\/wp-json\/wp\/v2\/pages\/1795","targetHints":{"allow":["GET"]}}],"collection":[{"href":"https:\/\/www.marense.com\/en\/wp-json\/wp\/v2\/pages"}],"about":[{"href":"https:\/\/www.marense.com\/en\/wp-json\/wp\/v2\/types\/page"}],"author":[{"embeddable":true,"href":"https:\/\/www.marense.com\/en\/wp-json\/wp\/v2\/users\/4"}],"replies":[{"embeddable":true,"href":"https:\/\/www.marense.com\/en\/wp-json\/wp\/v2\/comments?post=1795"}],"version-history":[{"count":17,"href":"https:\/\/www.marense.com\/en\/wp-json\/wp\/v2\/pages\/1795\/revisions"}],"predecessor-version":[{"id":3724,"href":"https:\/\/www.marense.com\/en\/wp-json\/wp\/v2\/pages\/1795\/revisions\/3724"}],"up":[{"embeddable":true,"href":"https:\/\/www.marense.com\/en\/wp-json\/wp\/v2\/pages\/213"}],"wp:attachment":[{"href":"https:\/\/www.marense.com\/en\/wp-json\/wp\/v2\/media?parent=1795"}],"curies":[{"name":"wp","href":"https:\/\/api.w.org\/{rel}","templated":true}]}}