{"id":125,"date":"2011-08-22T18:43:09","date_gmt":"2011-08-22T17:43:09","guid":{"rendered":"https:\/\/www.marense.com\/wp\/?page_id=125"},"modified":"2018-09-23T06:46:29","modified_gmt":"2018-09-23T05:46:29","slug":"la-responsabilite-societale","status":"publish","type":"page","link":"https:\/\/www.marense.com\/en\/management-systems-and-certification\/francais-la-responsabilite-societale\/","title":{"rendered":"(Fran\u00e7ais) La responsabilit\u00e9 soci\u00e9tale"},"content":{"rendered":"<p class=\"qtranxs-available-languages-message qtranxs-available-languages-message-en\">Sorry, this entry is only available in <a href=\"https:\/\/www.marense.com\/fr\/wp-json\/wp\/v2\/pages\/125\" class=\"qtranxs-available-language-link qtranxs-available-language-link-fr\" title=\"Fran\u00e7ais\">Fran\u00e7ais<\/a>.<\/p>","protected":false},"excerpt":{"rendered":"<p>Sorry, this entry is only available in Fran\u00e7ais.<\/p>\n","protected":false},"author":4,"featured_media":122,"parent":1494,"menu_order":41,"comment_status":"open","ping_status":"open","template":"","meta":{"footnotes":""},"class_list":["post-125","page","type-page","status-publish","has-post-thumbnail","hentry"],"_links":{"self":[{"href":"https:\/\/www.marense.com\/en\/wp-json\/wp\/v2\/pages\/125","targetHints":{"allow":["GET"]}}],"collection":[{"href":"https:\/\/www.marense.com\/en\/wp-json\/wp\/v2\/pages"}],"about":[{"href":"https:\/\/www.marense.com\/en\/wp-json\/wp\/v2\/types\/page"}],"author":[{"embeddable":true,"href":"https:\/\/www.marense.com\/en\/wp-json\/wp\/v2\/users\/4"}],"replies":[{"embeddable":true,"href":"https:\/\/www.marense.com\/en\/wp-json\/wp\/v2\/comments?post=125"}],"version-history":[{"count":11,"href":"https:\/\/www.marense.com\/en\/wp-json\/wp\/v2\/pages\/125\/revisions"}],"predecessor-version":[{"id":3796,"href":"https:\/\/www.marense.com\/en\/wp-json\/wp\/v2\/pages\/125\/revisions\/3796"}],"up":[{"embeddable":true,"href":"https:\/\/www.marense.com\/en\/wp-json\/wp\/v2\/pages\/1494"}],"wp:featuredmedia":[{"embeddable":true,"href":"https:\/\/www.marense.com\/en\/wp-json\/wp\/v2\/media\/122"}],"wp:attachment":[{"href":"https:\/\/www.marense.com\/en\/wp-json\/wp\/v2\/media?parent=125"}],"curies":[{"name":"wp","href":"https:\/\/api.w.org\/{rel}","templated":true}]}}